{"id":94,"date":"2017-02-11T19:36:53","date_gmt":"2017-02-11T18:36:53","guid":{"rendered":"http:\/\/xn--lestrteauxdelarenarde-f5b.fr\/?page_id=94"},"modified":"2021-09-15T12:59:58","modified_gmt":"2021-09-15T11:59:58","slug":"la-troupe-aujourdhui","status":"publish","type":"page","link":"http:\/\/xn--lestrteauxdelarenarde-f5b.fr\/?page_id=94","title":{"rendered":"Mentions l\u00e9gales"},"content":{"rendered":"<h5>Vous voulez nous rejoindre ?<\/h5>\n<p>N&rsquo;h\u00e9sitez pas \u00e0 nous appeler ou nous laisser vos coordonn\u00e9es.<\/p>\n<table border=\"0\" width=\"600\" cellspacing=\"10\" cellpadding=\"0\">\n<tbody>\n<tr>\n<td>\n<h5>Mentions l\u00e9gales<\/h5>\n<\/td>\n<\/tr>\n<tr>\n<td>\n<h5><strong>Pr\u00e9sident : <\/strong><strong style=\"color: inherit; font-size: 1em; font-family: inherit;\">Pierre Fournier<\/strong><\/h5>\n<p>Mail : pierre.fournier91@free.fr<\/p>\n<p>T\u00e9l : 06 30 37 15 18<\/p>\n<h5><strong>Vice-Pr\u00e9sidente : Chantal Math\u00e9ry<\/strong><\/h5>\n<p>Mail : <span dir=\"ltr\" data-tooltip=\"Envoyer e-mail\">matheryotton@aol.com<\/span><span class=\"uFNHRc\">\u00a0<\/span><\/p>\n<p>T\u00e9l : 01 64 58 50 49<\/td>\n<\/tr>\n<tr>\n<td>\n<h5><strong>Tr\u00e9sorier : Didier Brice<\/strong><\/h5>\n<p>Mail :\u00a0 <span dir=\"ltr\" data-tooltip=\"Envoyer e-mail\">didierbrice<\/span><span dir=\"ltr\" data-tooltip=\"Envoyer e-mail\">@hotmail.com<\/span><\/td>\n<\/tr>\n<tr>\n<td>\n<h5><strong>Secr\u00e9taire : <\/strong><strong>Isabelle Pavao<\/strong><\/h5>\n<p>Mail :\u00a0isabelle.pavao@gmail.com<\/p>\n<p>T\u00e9l : 06 82 94 67 04<\/td>\n<\/tr>\n<tr>\n<td valign=\"bottom\"><strong>Si\u00e8ge social de l&rsquo;association<\/strong> : 34 Hameau du Galion 91650 Breuillet<\/p>\n<h5><\/h5>\n<\/td>\n<\/tr>\n<\/tbody>\n<\/table>\n<h2><\/h2>\n","protected":false},"excerpt":{"rendered":"<p>Vous voulez nous rejoindre ? N&rsquo;h\u00e9sitez pas \u00e0 nous appeler ou nous laisser vos coordonn\u00e9es. Mentions l\u00e9gales Pr\u00e9sident : Pierre Fournier Mail : pierre.fournier91@free.fr T\u00e9l : 06 30 37 15 18 Vice-Pr\u00e9sidente : Chantal Math\u00e9ry Mail : matheryotton@aol.com\u00a0 T\u00e9l : 01 64 58 50 49 Tr\u00e9sorier : Didier Brice Mail :\u00a0 didierbrice@hotmail.com Secr\u00e9taire : Isabelle &hellip; <a href=\"http:\/\/xn--lestrteauxdelarenarde-f5b.fr\/?page_id=94\" class=\"more-link\">Continuer la lecture de <span class=\"screen-reader-text\">Mentions l\u00e9gales<\/span> <span class=\"meta-nav\">&rarr;<\/span><\/a><\/p>\n","protected":false},"author":1,"featured_media":0,"parent":0,"menu_order":0,"comment_status":"closed","ping_status":"closed","template":"","meta":[],"_links":{"self":[{"href":"http:\/\/xn--lestrteauxdelarenarde-f5b.fr\/index.php?rest_route=\/wp\/v2\/pages\/94"}],"collection":[{"href":"http:\/\/xn--lestrteauxdelarenarde-f5b.fr\/index.php?rest_route=\/wp\/v2\/pages"}],"about":[{"href":"http:\/\/xn--lestrteauxdelarenarde-f5b.fr\/index.php?rest_route=\/wp\/v2\/types\/page"}],"author":[{"embeddable":true,"href":"http:\/\/xn--lestrteauxdelarenarde-f5b.fr\/index.php?rest_route=\/wp\/v2\/users\/1"}],"replies":[{"embeddable":true,"href":"http:\/\/xn--lestrteauxdelarenarde-f5b.fr\/index.php?rest_route=%2Fwp%2Fv2%2Fcomments&post=94"}],"version-history":[{"count":18,"href":"http:\/\/xn--lestrteauxdelarenarde-f5b.fr\/index.php?rest_route=\/wp\/v2\/pages\/94\/revisions"}],"predecessor-version":[{"id":561,"href":"http:\/\/xn--lestrteauxdelarenarde-f5b.fr\/index.php?rest_route=\/wp\/v2\/pages\/94\/revisions\/561"}],"wp:attachment":[{"href":"http:\/\/xn--lestrteauxdelarenarde-f5b.fr\/index.php?rest_route=%2Fwp%2Fv2%2Fmedia&parent=94"}],"curies":[{"name":"wp","href":"https:\/\/api.w.org\/{rel}","templated":true}]}}