{"id":2,"date":"2017-01-25T12:27:27","date_gmt":"2017-01-25T11:27:27","guid":{"rendered":"http:\/\/xn--lestrteauxdelarenarde-f5b.fr\/?page_id=2"},"modified":"2017-03-03T17:28:27","modified_gmt":"2017-03-03T16:28:27","slug":"page-d-exemple","status":"publish","type":"page","link":"http:\/\/xn--lestrteauxdelarenarde-f5b.fr\/?page_id=2","title":{"rendered":"A Propos"},"content":{"rendered":"<p>Qui sommes-nous ? Une troupe de th\u00e9\u00e2tre amateur.<br \/>\nEn quelques mots, tout semble dit et pourtant.<br \/>\nD\u2019abord, nous sommes une<strong> troupe<\/strong>.<br \/>\nA en croire, les gens de spectacle, le r\u00eave de la troupe est toujours quelque part en eux. Que l\u2019on \u00e9coute Philippe Noiret qui, apr\u00e8s une exceptionnelle carri\u00e8re au cin\u00e9ma se devait d\u2019admettre qu\u2019on est bien seul au cin\u00e9ma et qu\u2019au fond, il r\u00eavait encore de ce qu\u2019 il avait v\u00e9cu avec la troupe de Vilar.<br \/>\nEh bien nous, ce r\u00eave de troupe, nous le mettons en actes \u00e0 chacun des spectacles que nous montons. Nous sommes une troupe lorsque nous discutons autour du projet, pr\u00e9parons les d\u00e9cors, montons les lumi\u00e8res, essayons les costumes, contredisons le metteur en sc\u00e8ne, assumons nos erreurs comme nos victoires&#8230;<\/p>\n<p>Ensuite, nous sommes une troupe de <strong>th\u00e9\u00e2tre<\/strong>.<br \/>\nMais qu\u2019est-ce donc que le th\u00e9\u00e2tre ?<br \/>\nCamus disait que c\u2019est un espace pour vivre et mourir le temps d\u2019un spectacle. En contraction, en contradiction avec notre quotidien o\u00f9 on ne na\u00eet, o\u00f9 l\u2019on ne meurt qu\u2019une fois, le com\u00e9dien vit et meurt \u00e0 chaque repr\u00e9sentation, \u00e0 chaque nouveau r\u00f4le. S\u2019il meurt parfois sur sc\u00e8ne, \u00e0 tout coup, il lui faut, lorsque la derni\u00e8re repr\u00e9sentation s\u2019ach\u00e8ve, faire mourir en lui ce personnage, cet autre dont il \u00e9tait d\u00e9positaire ou poss\u00e9d\u00e9.<br \/>\nIl y a toujours une grande nostalgie lorsqu\u2019un personnage nous abandonne.<\/p>\n<p>Enfin, nous sommes une troupe de th\u00e9\u00e2tre <strong>amateur<\/strong>.<br \/>\nImaginez-vous un instant dans la peau d\u2019un peintre en b\u00e2timent qui, le soir venu, apr\u00e8s une journ\u00e9e harassante, debout sur un \u00e9chafaudage, de la peinture plein les doigts, les habits et parfois les yeux\u2026 Qui le soir venu donc, descend de son escabeau et devient, le temps d\u2019un spectacle, Sganarelle ou Rigoletto. C\u2019est cela le th\u00e9\u00e2tre amateur.<br \/>\nApr\u00e8s bien-s\u00fbr, on peut se gausser, se persuader que les professionnels seront toujours bien meilleurs que des amateurs. En \u00eates-vous si s\u00fbr ? On ne compte plus le nombre de spectacles \u00e0 succ\u00e8s qui ont recours aux talents de non-professionnels. Et puis, il y a une noblesse, une grandeur chez ces femmes et ces hommes qui servent le th\u00e9\u00e2tre et plus souvent qu\u2019il n\u2019y para\u00eet emportent le public dans l\u2019imaginaire et la magie du th\u00e9\u00e2tre.<\/p>\n<p><strong>Venez nous voir, vous n\u2019en reviendrez pas.<\/strong><\/p>\n","protected":false},"excerpt":{"rendered":"<p>Qui sommes-nous ? Une troupe de th\u00e9\u00e2tre amateur. En quelques mots, tout semble dit et pourtant. D\u2019abord, nous sommes une troupe. A en croire, les gens de spectacle, le r\u00eave de la troupe est toujours quelque part en eux. Que l\u2019on \u00e9coute Philippe Noiret qui, apr\u00e8s une exceptionnelle carri\u00e8re au cin\u00e9ma se devait d\u2019admettre qu\u2019on &hellip; <a href=\"http:\/\/xn--lestrteauxdelarenarde-f5b.fr\/?page_id=2\" class=\"more-link\">Continuer la lecture de <span class=\"screen-reader-text\">A Propos<\/span> <span class=\"meta-nav\">&rarr;<\/span><\/a><\/p>\n","protected":false},"author":1,"featured_media":286,"parent":0,"menu_order":0,"comment_status":"closed","ping_status":"open","template":"","meta":[],"_links":{"self":[{"href":"http:\/\/xn--lestrteauxdelarenarde-f5b.fr\/index.php?rest_route=\/wp\/v2\/pages\/2"}],"collection":[{"href":"http:\/\/xn--lestrteauxdelarenarde-f5b.fr\/index.php?rest_route=\/wp\/v2\/pages"}],"about":[{"href":"http:\/\/xn--lestrteauxdelarenarde-f5b.fr\/index.php?rest_route=\/wp\/v2\/types\/page"}],"author":[{"embeddable":true,"href":"http:\/\/xn--lestrteauxdelarenarde-f5b.fr\/index.php?rest_route=\/wp\/v2\/users\/1"}],"replies":[{"embeddable":true,"href":"http:\/\/xn--lestrteauxdelarenarde-f5b.fr\/index.php?rest_route=%2Fwp%2Fv2%2Fcomments&post=2"}],"version-history":[{"count":2,"href":"http:\/\/xn--lestrteauxdelarenarde-f5b.fr\/index.php?rest_route=\/wp\/v2\/pages\/2\/revisions"}],"predecessor-version":[{"id":7,"href":"http:\/\/xn--lestrteauxdelarenarde-f5b.fr\/index.php?rest_route=\/wp\/v2\/pages\/2\/revisions\/7"}],"wp:featuredmedia":[{"embeddable":true,"href":"http:\/\/xn--lestrteauxdelarenarde-f5b.fr\/index.php?rest_route=\/wp\/v2\/media\/286"}],"wp:attachment":[{"href":"http:\/\/xn--lestrteauxdelarenarde-f5b.fr\/index.php?rest_route=%2Fwp%2Fv2%2Fmedia&parent=2"}],"curies":[{"name":"wp","href":"https:\/\/api.w.org\/{rel}","templated":true}]}}